{"id":86,"date":"2022-02-14T10:50:29","date_gmt":"2022-02-14T10:50:29","guid":{"rendered":"http:\/\/teszt.satrax.hu\/?page_id=86"},"modified":"2022-02-14T12:49:16","modified_gmt":"2022-02-14T12:49:16","slug":"bemutatkozas","status":"publish","type":"page","link":"https:\/\/satrax.hu\/","title":{"rendered":"Bemutatkoz\u00e1s"},"content":{"rendered":"\n<p><strong>A SATRAX Kft.&nbsp;<\/strong>1993. janu\u00e1r 01-\u00e9n kezdte meg tev\u00e9kenys\u00e9g\u00e9t, mint telekommunik\u00e1ci\u00f3s szolg\u00e1ltat\u00f3 \u00e9s kereskedelmi c\u00e9g. A c\u00e9g sz\u00e9khely\u00e9n a m\u0171szaki \u00e9s gazdas\u00e1gi vezet\u00e9s mellett a szolg\u00e1ltat\u00f3, tervez\u00e9si \u00e9s kereskedelmi tev\u00e9kenys\u00e9g zajlik a telekommunik\u00e1ci\u00f3 ter\u00fclet\u00e9n, m\u00edg az Arany J\u00e1nos utcai telephely\u00fcnk\u00f6n a gy\u00e1rt\u00e1s, fejleszt\u00e9s, szoftverk\u00e9sz\u00edt\u00e9s m\u0171k\u00f6dik. A c\u00e9g 20 \u00e9ves m\u0171k\u00f6d\u00e9se alatt sikeresen vett r\u00e9szt t\u00f6bb kis- \u00e9s k\u00f6z\u00e9pv\u00e1llalkoz\u00e1sok tev\u00e9kenys\u00e9g\u00e9t t\u00e1mogat\u00f3 p\u00e1ly\u00e1zaton, \u00e9s nyert t\u00e1mogat\u00e1st kutat\u00e1s-fejleszt\u00e9s \u00e9s eszk\u00f6zbeszerz\u00e9s ter\u00e9n.<br><br>Magas sz\u00ednvonal\u00fa inform\u00e1ci\u00f3s technol\u00f3gi\u00e1k alkalmaz\u00e1sa v\u00e9gett tagjai vagyunk szakir\u00e1ny\u00fa kamar\u00e1knak \u00e9s tudom\u00e1nyos klasztereknek &#8211; a Debreceni Egyetemmel egy\u00fcttm\u0171k\u00f6dve a&nbsp;<em>Szil\u00edcium Mez\u0151 Klaszternek&nbsp;<\/em>, valamint a&nbsp;<em>Z\u00f6ld Klaszternek&nbsp;<\/em>. A n\u00e1lunk dolgoz\u00f3 munkat\u00e1rsak a modern kor kih\u00edv\u00e1sainak megfelel\u0151en \u00e9s a min\u00e9l jobb munkav\u00e9gz\u00e9s v\u00e9gett folyamatos&nbsp; szakmai \u00e9s nyelvi tov\u00e1bbk\u00e9pz\u00e9seken vesznek r\u00e9szt, \u00e9s ennek megfelel\u0151 vizsg\u00e1t tesznek. A Kft. jelenlegi l\u00e9tsz\u00e1ma 36 f\u0151, a c\u00e9g 10 db c\u00e9ges g\u00e9pkocsival rendelkezik \u00e9s komplett tev\u00e9kenys\u00e9ghez sz\u00fcks\u00e9ges m\u0171szerekkel, eszk\u00f6z\u00f6kkel, sz\u00e1m\u00edt\u00f3g\u00e9pekkel.<\/p>\n\n\n\n<p>A c\u00e9g vezet\u00e9se fokozott gondot ford\u00edt a telephelyek folyamatos korszer\u0171s\u00edt\u00e9s\u00e9re, a munkak\u00f6r\u00fclm\u00e9nyek, a munkafelt\u00e9telek \u00e9s a m\u0171szaki-technikai felszerelts\u00e9g \u00e1lland\u00f3 jav\u00edt\u00e1s\u00e1ra.<strong><br><br>A SATRAX Kft.&nbsp;<\/strong>megalakul\u00e1sa \u00f3ta 100%-os magyar mag\u00e1ntulajdonban van. \u00c1rbev\u00e9tele, vagyona, l\u00e9tsz\u00e1ma dinamikusan n\u00f6vekszik. Az eltelt id\u0151szakban minden gazdas\u00e1gi \u00e9vet nyeres\u00e9ggel z\u00e1rt, amely lehet\u0151s\u00e9get adott \u00fajabb c\u00e9gek alap\u00edt\u00e1s\u00e1ra, illetve tev\u00e9kenys\u00e9gi k\u00f6r\u00e9hez k\u00f6zel \u00e1ll\u00f3, m\u00e1r m\u0171k\u00f6d\u0151 c\u00e9gekbe val\u00f3 \u00fczleti befektet\u00e9sekre.<\/p>\n\n\n\n<p><strong><br>A SATRAX Kft.&nbsp;<\/strong>rendszerintegr\u00e1ci\u00f3s tev\u00e9kenys\u00e9gi k\u00f6r\u00e9be az integr\u00e1lt m\u0171szaki v\u00e1llalatir\u00e1ny\u00edt\u00e1si informatikai rendszerek, az integr\u00e1lt adat-, hang- \u00e9s k\u00e9p\u00e1tvitel, a menedzselhet\u0151 h\u00e1l\u00f3zati eszk\u00f6z\u00f6k, a szoftver \u00e9s hardver rendszerintegr\u00e1ci\u00f3, a szoftverfejleszt\u00e9s \u00e9s testre szab\u00e1s, az egyedi alkalmaz\u00e1sok k\u00e9sz\u00edt\u00e9se, az intelligens kommunik\u00e1ci\u00f3s rendszerek, az egyedi optikai \u00e9s speci\u00e1lis h\u00e1l\u00f3zatok, a h\u00e1l\u00f3zatbiztons\u00e1g, a vide\u00f3 kommunik\u00e1ci\u00f3, valamint az optikai k\u00e1beltelev\u00edzi\u00f3z\u00e1s \u00e9s eszk\u00f6zei tartoznak.<\/p>\n\n\n\n<p>A c\u00e9g vezet\u00e9se fokozott gondot ford\u00edt a telephelyek folyamatos korszer\u0171s\u00edt\u00e9s\u00e9re, a munkak\u00f6r\u00fclm\u00e9nyek, a munkafelt\u00e9telek \u00e9s a m\u0171szaki-technikai felszerelts\u00e9g \u00e1lland\u00f3 jav\u00edt\u00e1s\u00e1ra.&nbsp; Tev\u00e9kenys\u00e9g\u00fcnk sor\u00e1n a legjobb min\u0151s\u00e9g\u0171 munkav\u00e9gz\u00e9s v\u00e9gett min\u0151s\u00e9gbiztos\u00edt\u00e1si rendszer vezett\u00fcnk be, \u00edgy a c\u00e9g akkredit\u00e1l\u00e1sra ker\u00fclt az&nbsp;<strong>ISO 9000:2001 szerint.<\/strong><\/p>\n","protected":false},"excerpt":{"rendered":"<p>A SATRAX Kft.&nbsp;1993. janu\u00e1r 01-\u00e9n kezdte meg tev\u00e9kenys\u00e9g\u00e9t, mint telekommunik\u00e1ci\u00f3s szolg\u00e1ltat\u00f3 \u00e9s kereskedelmi c\u00e9g. A c\u00e9g sz\u00e9khely\u00e9n a m\u0171szaki \u00e9s gazdas\u00e1gi vezet\u00e9s mellett a szolg\u00e1ltat\u00f3, tervez\u00e9si \u00e9s kereskedelmi tev\u00e9kenys\u00e9g zajlik &#8230;<\/p>\n","protected":false},"author":1,"featured_media":0,"parent":0,"menu_order":0,"comment_status":"closed","ping_status":"closed","template":"","meta":{"footnotes":""},"_links":{"self":[{"href":"https:\/\/satrax.hu\/index.php\/wp-json\/wp\/v2\/pages\/86"}],"collection":[{"href":"https:\/\/satrax.hu\/index.php\/wp-json\/wp\/v2\/pages"}],"about":[{"href":"https:\/\/satrax.hu\/index.php\/wp-json\/wp\/v2\/types\/page"}],"author":[{"embeddable":true,"href":"https:\/\/satrax.hu\/index.php\/wp-json\/wp\/v2\/users\/1"}],"replies":[{"embeddable":true,"href":"https:\/\/satrax.hu\/index.php\/wp-json\/wp\/v2\/comments?post=86"}],"version-history":[{"count":1,"href":"https:\/\/satrax.hu\/index.php\/wp-json\/wp\/v2\/pages\/86\/revisions"}],"predecessor-version":[{"id":87,"href":"https:\/\/satrax.hu\/index.php\/wp-json\/wp\/v2\/pages\/86\/revisions\/87"}],"wp:attachment":[{"href":"https:\/\/satrax.hu\/index.php\/wp-json\/wp\/v2\/media?parent=86"}],"curies":[{"name":"wp","href":"https:\/\/api.w.org\/{rel}","templated":true}]}}