{"id":56,"date":"2022-02-08T09:44:21","date_gmt":"2022-02-08T09:44:21","guid":{"rendered":"http:\/\/teszt.satrax.hu\/?page_id=56"},"modified":"2025-04-11T11:48:52","modified_gmt":"2025-04-11T11:48:52","slug":"palyazatok","status":"publish","type":"page","link":"https:\/\/satrax.hu\/index.php\/palyazatok\/","title":{"rendered":"P\u00e1ly\u00e1zatok"},"content":{"rendered":"\n<figure class=\"wp-block-image size-large\"><img decoding=\"async\" src=\"https:\/\/satrax.hu\/wp-content\/uploads\/2025\/04\/Satrax_RRF-REP-10.10.1-24.png\" alt=\"\"\/><\/figure>\n\n\n\n<p><strong>Kedvezm\u00e9nyezett neve:<\/strong><\/p>\n\n\n\n<p>SATRAX Elektronic Telekommunik\u00e1ci\u00f3s Szolg\u00e1ltat\u00f3 \u00e9s Kereskedelmi Korl\u00e1tolt Felel\u0151ss\u00e9g\u0171 T\u00e1rsas\u00e1g<\/p>\n\n\n\n<p><strong>Projekt c\u00edme:<\/strong><\/p>\n\n\n\n<p>K\u00f6z\u00fati elektromos j\u00e1rm\u0171 beszerz\u00e9s t\u00e1mogat\u00e1sa v\u00e1llalkoz\u00e1soknak<\/p>\n\n\n\n<p><strong>Projekt azonos\u00edt\u00f3sz\u00e1ma:<\/strong><\/p>\n\n\n\n<p>RRF-REP-10.10.1-24<\/p>\n\n\n\n<p><strong>A t\u00e1mogat\u00e1s t\u00edpusa:<\/strong><\/p>\n\n\n\n<p>Vissza nem t\u00e9r\u00edtend\u0151<\/p>\n\n\n\n<p><strong>A t\u00e1mogat\u00e1s \u00f6sszege:<\/strong><\/p>\n\n\n\n<p>3.600.000.- Ft.<\/p>\n\n\n\n<p><strong>Projekt tartalm\u00e1nak bemutat\u00e1sa:<\/strong><\/p>\n\n\n\n<p>A SATRAX Kft. c\u00e9lja a beszerzett elektromos szem\u00e9lyg\u00e9pj\u00e1rm\u0171 \u00fczemeltet\u00e9si tapasztalatai nyom\u00e1n megfelel\u0151 infrastrukt\u00fara ki\u00e9p\u00edt\u00e9se, majd az elektromos j\u00e1rm\u0171vek sz\u00e9lesk\u00f6r\u0171 haszn\u00e1lata. El\u0151seg\u00edtve a meg\u00fajul\u00f3 energia hat\u00e9konyabb kihaszn\u00e1l\u00e1s\u00e1t, a gazdas\u00e1gi helyzet jav\u00edt\u00e1s\u00e1t, illetve a c\u00e9g k\u00f6rnyezetv\u00e9delmi c\u00e9ljainak el\u00e9r\u00e9s\u00e9t.<\/p>\n\n\n\n<p><strong>Projekt tervezett befejez\u00e9si d\u00e1tuma:<\/strong><\/p>\n\n\n\n<p>2025.03.31.<\/p>\n\n\n\n<hr class=\"wp-block-separator has-css-opacity is-style-wide\"\/>\n\n\n<div class=\"wp-block-image\">\n<figure class=\"alignright size-full\"><img loading=\"lazy\" decoding=\"async\" width=\"185\" height=\"157\" src=\"http:\/\/satrax.hu\/wp-content\/uploads\/2024\/04\/infoblokk-jobb-felso-sarok.png\" alt=\"\" class=\"wp-image-146\"\/><\/figure><\/div>\n\n\n<figure class=\"wp-block-image size-large is-resized\"><img loading=\"lazy\" decoding=\"async\" width=\"1024\" height=\"726\" src=\"https:\/\/satrax.hu\/wp-content\/uploads\/2024\/04\/Satrax_ginop_8_3_5_18_b_-1024x726.jpg\" alt=\"\" class=\"wp-image-152\" style=\"width:840px;height:auto\" srcset=\"https:\/\/satrax.hu\/wp-content\/uploads\/2024\/04\/Satrax_ginop_8_3_5_18_b_-1024x726.jpg 1024w, https:\/\/satrax.hu\/wp-content\/uploads\/2024\/04\/Satrax_ginop_8_3_5_18_b_-300x213.jpg 300w, https:\/\/satrax.hu\/wp-content\/uploads\/2024\/04\/Satrax_ginop_8_3_5_18_b_-768x545.jpg 768w, https:\/\/satrax.hu\/wp-content\/uploads\/2024\/04\/Satrax_ginop_8_3_5_18_b_.jpg 1514w\" sizes=\"(max-width: 1024px) 100vw, 1024px\" \/><\/figure>\n\n\n\n<p><\/p>\n\n\n\n<p><\/p>\n\n\n\n<p><strong>Kedvezm\u00e9nyezett neve:<\/strong><\/p>\n\n\n\n<p><\/p>\n\n\n\n<p>SATRAX Elektronic Telekommunik\u00e1ci\u00f3s Szolg\u00e1ltat\u00f3 \u00e9s Kereskedelmi Korl\u00e1tolt Felel\u0151ss\u00e9g\u0171 T\u00e1rsas\u00e1g<\/p>\n\n\n\n<p><strong>Projekt c\u00edme:<\/strong><\/p>\n\n\n\n<p>Mikro-, kis- \u00e9s k\u00f6z\u00e9pv\u00e1llalkoz\u00e1sok technol\u00f3giai korszer\u0171s\u00edt\u00e9se c\u00e9l\u00fa hitelprogram<\/p>\n\n\n\n<p><strong>Projekt azonos\u00edt\u00f3sz\u00e1ma:<\/strong><\/p>\n\n\n\n<p>GINOP-8.3.5-18\/B<\/p>\n\n\n\n<p><strong>V\u00edsszat\u00e9r\u00edtend\u0151 t\u00e1mogat\u00e1s t\u00edpusa:<\/strong><\/p>\n\n\n\n<p>Hitel<\/p>\n\n\n\n<p><strong>Az ig\u00e9nyelt k\u00f6lcs\u00f6n \u00f6sszege:<\/strong><\/p>\n\n\n\n<p>180.000.000.- Ft.<\/p>\n\n\n\n<p><strong>Projekt tartalm\u00e1nak bemutat\u00e1sa:<\/strong><\/p>\n\n\n\n<p>C\u00e9g\u00fcnk sok m\u00e1s kiv\u00e1llalkoz\u00e1shoz hasonl\u00f3an \u00e1lland\u00f3 finansz\u00edroz\u00e1si probl\u00e9m\u00e1kkal k\u00fczd, amelyet a koronav\u00edrus v\u00e1ls\u00e1g is feler\u0151s\u00edtett. Jelenleg faktor\u00e1l\u00e1ssal \u00e9s forg\u00f3eszk\u00f6z hitellel biztos\u00edtjuk likvid m\u0171k\u00f6d\u00e9s zavartalans\u00e1g\u00e1t. A gy\u00e1rt\u00e1si folyamat hossz\u00fa megt\u00e9r\u00fcl\u00e9si idej\u0171 tev\u00e9kenys\u00e9g, el\u0151finansz\u00edrozni kell az alapanyagokat \u00e9s a munkab\u00e9reket is. Egyes partnereink 60, illetve 90 napra fizetik sz\u00e1ml\u00e1ikat, \u00e9s sajnos komolyabb cs\u00fasz\u00e1sok is el\u0151fordulnak. \u00c9p\u00edt\u0151ipar partnereink j\u00f3teljes\u00edt\u00e9si garancia c\u00edmen jellemz\u0151en 5-10% k\u00f6z\u00f6tti sz\u00e1mla\u00e9rt\u00e9ket ak\u00e1r 5 \u00e9vre is visszatartanak. Az \u00e1ltalunk v\u00e9gzett karbantart\u00e1si tev\u00e9kenys\u00e9gek jellemz\u0151en id\u0151szakos negyed\u00e9v, f\u00e9l\u00e9ves elsz\u00e1mol\u00e1s\u00faak, ez\u00e9rt a folyamatos k\u00f6lts\u00e9gek mellett szakaszosan \u00e9rkeznek a bev\u00e9telek. Ezen okok miatt, illetve a jelenlegi faktoring \u00e9s forg\u00f3t\u0151ke hitel kiv\u00e1lt\u00e1s\u00e1hoz lenne sz\u00fcks\u00e9g\u00fcnk a p\u00e1ly\u00e1zatban k\u00e9rt hitel\u00f6sszegre, amely stabiliz\u00e1ln\u00e1 a likvidit\u00e1si helyzet\u00fcnket \u00e9s egy\u00fattal cs\u00f6kkenten\u00e9 a p\u00e9nz\u00fcgyi k\u00f6lts\u00e9geinket, \u00edgy seg\u00edtve a munkahely megtart\u00e1si t\u00f6rekv\u00e9seinket. A kedvezm\u00e9nyes kamatoz\u00e1s\u00fa k\u00f6lcs\u00f6nt anyagbeszerz\u00e9sre \u00e9s a munkab\u00e9rek kifizet\u00e9s\u00e9re k\u00edv\u00e1njuk ford\u00edtani.<\/p>\n\n\n\n<p><strong>Projekt tervezett befejez\u00e9si d\u00e1tuma:<\/strong><\/p>\n\n\n\n<p>2025.09.01.<\/p>\n\n\n\n<p><\/p>\n\n\n\n<p><\/p>\n\n\n\n<hr class=\"wp-block-separator has-css-opacity is-style-wide\"\/>\n\n\n\n<p><\/p>\n\n\n\n<p><\/p>\n\n\n\n<div class=\"wp-block-columns is-layout-flex wp-container-core-columns-is-layout-1 wp-block-columns-is-layout-flex\">\n<div class=\"wp-block-column is-layout-flow wp-block-column-is-layout-flow\">\n<figure class=\"wp-block-image size-large\"><img loading=\"lazy\" decoding=\"async\" width=\"1024\" height=\"725\" src=\"http:\/\/teszt.satrax.hu\/wp-content\/uploads\/2022\/02\/uj_palyazat-4-1024x725.png\" alt=\"\" class=\"wp-image-100\" srcset=\"https:\/\/satrax.hu\/wp-content\/uploads\/2022\/02\/uj_palyazat-4-1024x725.png 1024w, https:\/\/satrax.hu\/wp-content\/uploads\/2022\/02\/uj_palyazat-4-300x212.png 300w, https:\/\/satrax.hu\/wp-content\/uploads\/2022\/02\/uj_palyazat-4-768x544.png 768w, https:\/\/satrax.hu\/wp-content\/uploads\/2022\/02\/uj_palyazat-4-1536x1087.png 1536w, https:\/\/satrax.hu\/wp-content\/uploads\/2022\/02\/uj_palyazat-4.png 1588w\" sizes=\"(max-width: 1024px) 100vw, 1024px\" \/><\/figure>\n<\/div>\n<\/div>\n\n\n\n<p><strong>Kedvezm\u00e9nyezett neve: <\/strong><\/p>\n\n\n\n<p>SATRAX Elektronic Telekommunik\u00e1ci\u00f3s Szolg\u00e1ltat\u00f3 \u00e9s Kereskedelmi Korl\u00e1tolt Felel\u0151ss\u00e9g\u0171 T\u00e1rsas\u00e1g<\/p>\n\n\n\n<p><strong>Projekt c\u00edme:<\/strong><\/p>\n\n\n\n<p>Redund\u00e1s KIF h\u00e1l\u00f3zati adatgy\u0171jt\u0151 \u00e9s elemz\u0151 rendszer l\u00e9trehoz\u00e1sa<\/p>\n\n\n\n<p><strong>Projekt azonos\u00edt\u00f3sz\u00e1ma: <\/strong><\/p>\n\n\n\n<p>2020-1.1.2-PIACI-KFI-2020-00156<\/p>\n\n\n\n<p><strong>Szerz\u0151d\u00f6tt t\u00e1mogat\u00e1s \u00f6sszege:<\/strong><\/p>\n\n\n\n<p>353.681.291.- Ft.<\/p>\n\n\n\n<p><strong>T\u00e1mogat\u00e1s m\u00e9rt\u00e9ke:<\/strong><\/p>\n\n\n\n<p>68,95%<\/p>\n\n\n\n<p><strong>Projekt tartalm\u00e1nak bemutat\u00e1sa:<\/strong><\/p>\n\n\n\n<p>Az \u00e1ramh\u00e1l\u00f3zatok saj\u00e1toss\u00e1gait figyelembe v\u00e9ve, jelenleg nem \u00e1ll rendelkez\u00e9sre olyan megold\u00e1s, amely alkalmas az \u00e1ramh\u00e1l\u00f3zatokon v\u00e9gbemen\u0151, egym\u00e1st\u00f3l f\u00fcgg\u0151 \u00e9s egym\u00e1st\u00f3l f\u00fcggetlen folyamatok egyidej\u0171 vizsg\u00e1lat\u00e1ra, annak a megold\u00e1s\u00e1ra, hogy megkeress\u00fck azokat a rejtett, nehezen lokaliz\u00e1lhat\u00f3 szakaszokat ahol a vesztes\u00e9gek t\u00f6bbsz\u00f6r\u00f6sei lehetnek a rendszer eg\u00e9sz\u00e9re jellemz\u0151nek, \u00e9s amelyek fizikai karbantart\u00e1s\u00e1val, fel\u00faj\u00edt\u00e1s\u00e1val az optim\u00e1lishoz k\u00f6zelibb \u00e1llapot\u00fav\u00e1 tehet\u0151 a h\u00e1l\u00f3zat fizikai strukt\u00far\u00e1ja. K\u00fcl\u00f6n\u00f6sen jelentkezik ez a probl\u00e9ma a lok\u00e1lis villamosh\u00e1l\u00f3zatokon, gy\u00e1rtelepeken, k\u00f6zvil\u00e1g\u00edt\u00e1si rendszerekben, ahol a legt\u00f6bb esetben t\u00f6bb \u00e9vtizede fejl\u0151d\u0151 h\u00e1l\u00f3zatok \u00fczemelnek. Komplex monitoring rendszer hi\u00e1ny\u00e1ban az \u00e1ramh\u00e1l\u00f3zatok teljes \u00e1ttekint\u00e9se, a folyamatok k\u00f6vet\u00e9se \u00e9s elemz\u00e9se a h\u00e1l\u00f3zat dinamizmus\u00e1nak vizsg\u00e1lata c\u00e9lj\u00e1b\u00f3l nem megoldhat\u00f3. Bizonyos esetekben az optim\u00e1lis &#8211; de m\u00e9g az optim\u00e1lishoz k\u00f6zeli &#8211; m\u0171k\u00f6dtet\u00e9s sem tud megval\u00f3sulni, mert nem felder\u00edthet\u0151k a h\u00e1l\u00f3zaton t\u00f6rt\u00e9n\u0151 komplex jelens\u00e9gek. L\u00e9nyeges korl\u00e1toz\u00f3 felt\u00e9tel (saj\u00e1toss\u00e1g), hogy az \u00e1ramh\u00e1l\u00f3zatok elemeinek \u00e9letkora \u00e9s m\u0171szaki jellemz\u0151i elt\u00e9r\u0151ek, tov\u00e1bb\u00e1 nem megoldott a sz\u00fcks\u00e9ges fejleszt\u00e9sek tervez\u00e9s\u00e9nek alapj\u00e1t szolg\u00e1l\u00f3 adathalmazok struktur\u00e1lt \u00f6sszegy\u0171jt\u00e9se, elemz\u00e9se, ahogy a m\u0171szaki-gazdas\u00e1gi szempont\u00fa javaslatt\u00e9teli elj\u00e1r\u00e1sok le\u00edr\u00e1sa sem. A h\u00e1l\u00f3zatokon t\u00f6rt\u00e9n\u0151 energiatov\u00e1bb\u00edt\u00e1s m\u00e9r\u00e9ssel, \u00e9s speci\u00e1lisan erre a c\u00e9lra fejlesztett eszk\u00f6z\u00f6kkel t\u00f6rt\u00e9n\u0151 adatgy\u0171jt\u00e9ssel, valamint adatelemz\u00e9ssel t\u00f6rt\u00e9n\u0151 k\u00f6vet\u00e9se lehet\u0151v\u00e9 teszi t\u00f6bbek k\u00f6zt a lok\u00e1lis napenergia-termel\u00e9s, a szab\u00e1lytalan, jogosulatlan h\u00e1l\u00f3zati kapcsol\u00f3d\u00e1s(ok) okozta (fesz\u00fclts\u00e9g- \u00e9s teljes\u00edtm\u00e9ny-) ingadoz\u00e1s glob\u00e1lis rendszerre gyakorolt hat\u00e1s\u00e1nak megismer\u00e9s\u00e9t. A hib\u00e1k felder\u00edt\u00e9se, a m\u0171k\u00f6d\u00e9s rendelleness\u00e9geinek vizsg\u00e1lata, a probl\u00e9m\u00e1k felt\u00e1r\u00e1sa \u00e9s kezel\u00e9se pontosan, c\u00e9lzottan oldhat\u00f3 meg m\u00e9g olyan esetekben is, amikor azok oka(i) \u00f6sszetett eredetre vezethet\u0151k vissza. A val\u00f3s rendszereken v\u00e9gzend\u0151 m\u00e9r\u00e9sek \u00e9s elemz\u00e9sek lefolytat\u00e1s\u00e1hoz megfelel\u0151 mennyis\u00e9g\u0171 \u00e9s megb\u00edzhat\u00f3s\u00e1g\u00fa adatra van sz\u00fcks\u00e9g, melyet az egyedileg tervezett \u00e9s gy\u00e1rtott eszk\u00f6z\u00f6k biztos\u00edtanak. A kifejleszt\u00e9sre ker\u00fcl\u0151 eszk\u00f6z\u00f6k \u00e9s algoritmusok seg\u00edts\u00e9g\u00e9vel fixen telep\u00edtett \u00e9s alkalmilag elhelyezett megold\u00e1sokkal egyar\u00e1nt lehets\u00e9ges m\u00f3don az elektromos h\u00e1l\u00f3zatok \u00fczemeltet\u0151i k\u00e9pet kaphatnak a h\u00e1l\u00f3zat \u00e1llapot\u00e1r\u00f3l, az \u00fczemzavarok \u00e9s probl\u00e9m\u00e1k saj\u00e1toss\u00e1gair\u00f3l, ez\u00e1ltal lehet\u0151s\u00e9g ny\u00edlik a fejleszt\u00e9si ir\u00e1nyok pontos meghat\u00e1roz\u00e1s\u00e1ra is.<br>L\u00e9trehozunk egy olyan, teljesen k\u00e9sz, azonnal alkalmazhat\u00f3 eszk\u00f6zrendszert, amely seg\u00edts\u00e9g\u00e9vel hat\u00e9konyan megkereshet\u0151k a vesztes\u00e9gi forr\u00e1sok, h\u00e1l\u00f3zati zavarokat okoz\u00f3 t\u00e9nyez\u0151k, \u00e9s azok kik\u00fcsz\u00f6b\u00f6l\u00e9se gyorsan \u00e9s hat\u00e9konyan megval\u00f3s\u00edthat\u00f3v\u00e1 v\u00e1lik. A kor\u00e1bbi rendszerekhez k\u00e9pest kifejleszt\u00e9sre ker\u00fcl\u0151 rendszer\u00fcnk nagy el\u0151nye, hogy k\u00f6zvetlen\u00fcl a vesztes\u00e9geket termel\u0151 kis szakaszokat \u00e9s pontokat tudjuk megkeresni egy nagyobb h\u00e1l\u00f3zati t\u00e9r dinamik\u00e1j\u00e1nak vizsg\u00e1lat\u00e1val, speci\u00e1lis elemz\u0151 m\u00f3dszerekkel.<\/p>\n\n\n\n<p><strong>Projekt tervezett befejez\u00e9si d\u00e1tuma:<\/strong><\/p>\n\n\n\n<p>2023.12.31.<\/p>\n\n\n\n\n","protected":false},"excerpt":{"rendered":"<p>Kedvezm\u00e9nyezett neve: SATRAX Elektronic Telekommunik\u00e1ci\u00f3s Szolg\u00e1ltat\u00f3 \u00e9s Kereskedelmi Korl\u00e1tolt Felel\u0151ss\u00e9g\u0171 T\u00e1rsas\u00e1g Projekt c\u00edme: K\u00f6z\u00fati elektromos j\u00e1rm\u0171 beszerz\u00e9s t\u00e1mogat\u00e1sa v\u00e1llalkoz\u00e1soknak Projekt azonos\u00edt\u00f3sz\u00e1ma: RRF-REP-10.10.1-24 A t\u00e1mogat\u00e1s t\u00edpusa: Vissza nem t\u00e9r\u00edtend\u0151 A t\u00e1mogat\u00e1s &#8230;<\/p>\n","protected":false},"author":1,"featured_media":0,"parent":0,"menu_order":0,"comment_status":"closed","ping_status":"closed","template":"","meta":{"footnotes":""},"_links":{"self":[{"href":"https:\/\/satrax.hu\/index.php\/wp-json\/wp\/v2\/pages\/56"}],"collection":[{"href":"https:\/\/satrax.hu\/index.php\/wp-json\/wp\/v2\/pages"}],"about":[{"href":"https:\/\/satrax.hu\/index.php\/wp-json\/wp\/v2\/types\/page"}],"author":[{"embeddable":true,"href":"https:\/\/satrax.hu\/index.php\/wp-json\/wp\/v2\/users\/1"}],"replies":[{"embeddable":true,"href":"https:\/\/satrax.hu\/index.php\/wp-json\/wp\/v2\/comments?post=56"}],"version-history":[{"count":21,"href":"https:\/\/satrax.hu\/index.php\/wp-json\/wp\/v2\/pages\/56\/revisions"}],"predecessor-version":[{"id":160,"href":"https:\/\/satrax.hu\/index.php\/wp-json\/wp\/v2\/pages\/56\/revisions\/160"}],"wp:attachment":[{"href":"https:\/\/satrax.hu\/index.php\/wp-json\/wp\/v2\/media?parent=56"}],"curies":[{"name":"wp","href":"https:\/\/api.w.org\/{rel}","templated":true}]}}