{"id":20,"date":"2022-02-04T12:55:12","date_gmt":"2022-02-04T12:55:12","guid":{"rendered":"http:\/\/teszt.satrax.hu\/?page_id=20"},"modified":"2022-02-17T14:38:42","modified_gmt":"2022-02-17T14:38:42","slug":"szolgaltatasaink","status":"publish","type":"page","link":"https:\/\/satrax.hu\/index.php\/szolgaltatasaink\/","title":{"rendered":"Szolg\u00e1ltat\u00e1saink"},"content":{"rendered":"\n<div class=\"wp-block-columns is-layout-flex wp-container-core-columns-is-layout-1 wp-block-columns-is-layout-flex\">\n<div class=\"wp-block-column is-layout-flow wp-block-column-is-layout-flow\">\n<div class=\"wp-block-image\"><figure class=\"aligncenter size-full\"><img loading=\"lazy\" decoding=\"async\" width=\"102\" height=\"102\" src=\"http:\/\/teszt.satrax.hu\/wp-content\/uploads\/2022\/02\/tuzjelzo.png\" alt=\"\" class=\"wp-image-62\"\/><\/figure><\/div>\n\n\n\n<p class=\"has-text-align-center\">Seg\u00e9lyh\u00edv\u00f3-, t\u0171zjelz\u0151-rendszerek<\/p>\n<\/div>\n\n\n\n<div class=\"wp-block-column is-layout-flow wp-block-column-is-layout-flow\">\n<p>C\u00e9g\u00fcnk alakul\u00e1sa \u00f3ta egyik f\u0151 szakter\u00fclete a t\u0171zv\u00e9delem. Magyarorsz\u00e1gon t\u0171zv\u00e9delmi t\u00f6rv\u00e9ny szab\u00e1lyozza a telep\u00edt\u00e9si k\u00f6telezetts\u00e9get. Figyelembe v\u00e9ve az int\u00e9zm\u00e9ny nagys\u00e1g\u00e1t, t\u0171zvesz\u00e9lyess\u00e9gi fokozat\u00e1t, az egyid\u0151ben ott tart\u00f3zkod\u00f3 szem\u00e9lyek sz\u00e1m\u00e1t \u00e9s az esetleges technol\u00f3gia vesz\u00e9lyess\u00e9g\u00e9t. C\u00e9g\u00fcnk rendelkezik sz\u00fcks\u00e9ges hat\u00f3s\u00e1gi enged\u00e9lyekkel \u00e9s az Orsz\u00e1gos Katasztr\u00f3fav\u00e9delmi F\u0151igazgat\u00f3s\u00e1g regisztr\u00e1ci\u00f3j\u00e1val. Dolgoz\u00f3ink mindegyike rendelkezik t\u0171zv\u00e9delmi szakvizsg\u00e1val. Ezek a<\/p>\n\n\n\n<ul><li>be\u00e9p\u00edtett t\u0171zjelz\u0151 rendszerek<\/li><li>h\u0151 \u00e9s f\u00fcstelvezet\u0151 (RWA) rendszer<\/li><li>be\u00e9p\u00edtett g\u00e1zvesz\u00e9ly jelz\u0151 rendszer<\/li><\/ul>\n\n\n\n<p>E szakter\u00fcletek minden \u00e1g\u00e1ban kiv\u00e1l\u00f3 referenci\u00e1kkal rendelkez\u00fcnk, mind tervez\u00e9s, kivitelez\u00e9s \u00e9s karbantart\u00e1s ter\u00fclet\u00e9n.<\/p>\n<\/div>\n<\/div>\n\n\n\n<div class=\"wp-block-columns is-layout-flex wp-container-core-columns-is-layout-2 wp-block-columns-is-layout-flex\">\n<div class=\"wp-block-column is-layout-flow wp-block-column-is-layout-flow\">\n<p>\u00c9rdekes \u00e9s \u00fajszer\u0171 ter\u00fclet az IT technol\u00f3gi\u00e1ban a <em>videomegfigyel\u0151 rendszerek<\/em> felbukkan\u00e1sa. Az IP konvergencia azonban ezt a ter\u00fcletet is el\u00e9rte, \u00edgy ma m\u00e1r kezdik kiszor\u00edtani az \u00faj, ak\u00e1r t\u00f6bb megapixeles IP kamer\u00e1k a r\u00e9gi anal\u00f3g technol\u00f3gi\u00e1t. Term\u00e9szetes el\u0151nye az IP kamer\u00e1knak, hogy a kommunik\u00e1ci\u00f3s lehet\u0151s\u00e9gek nagyon v\u00e1ltozatosak, a ter\u00fcleti kiterjed\u00e9s nem korl\u00e1toz\u00f3dik a k\u00e1belek hossz\u00e1ra. Egyik ilyen megval\u00f3s\u00edt\u00e1sunk az IP alap\u00fa debreceni v\u00e1rosi t\u00e9rfigyel\u0151 rendszer els\u0151 \u00fcteme, a v\u00e1ros t\u00e1voli pontjain elhelyezett kamer\u00e1kkal, mikrohull\u00e1m\u00fa kommunik\u00e1ci\u00f3val.<\/p>\n\n\n\n<p>Az izgalmas \u00e9s nagy feladat kopogtatott be, a <em>Hajd\u00faszoboszl\u00f3i Gy\u00f3gyf\u00fcrd\u0151<\/em> ter\u00fclt\u00e9n ki\u00e9p\u00edtend\u0151 kamerarendszer k\u00e9p\u00e9ben.<br>Els\u0151 \u00fctemben kombin\u00e1ltuk a mikrohull\u00e1m\u00fa, az optikai \u00e9s a r\u00e9z alap\u00fa h\u00e1l\u00f3zati megold\u00e1sokat. Egy ekkora rendszer tervez\u00e9se \u00e9s m\u0171k\u00f6d\u0151k\u00e9pes megval\u00f3s\u00edt\u00e1sa nagy odafigyel\u00e9st ig\u00e9nyel, de egyben p\u00f3tolhatatlan tapasztalatokkal is gazdag\u00edt minket. Mindenk\u00e9ppen az egyik kedvenc munk\u00e1nk, hiszen ki ne szeretne j\u00f3 id\u0151ben k\u00f6z\u00e9p-eur\u00f3pa legnagyobb strandj\u00e1n dolgozni.<\/p>\n<\/div>\n\n\n\n<div class=\"wp-block-column is-layout-flow wp-block-column-is-layout-flow\">\n<div class=\"wp-block-image\"><figure class=\"aligncenter size-full\"><img loading=\"lazy\" decoding=\"async\" width=\"102\" height=\"102\" src=\"http:\/\/teszt.satrax.hu\/wp-content\/uploads\/2022\/02\/kamera.png\" alt=\"\" class=\"wp-image-63\"\/><\/figure><\/div>\n\n\n\n<p class=\"has-text-align-center\">Kamer\u00e1k, t\u00e9rfigyel\u0151-rendszerek<\/p>\n<\/div>\n<\/div>\n\n\n\n<div class=\"wp-block-columns is-layout-flex wp-container-core-columns-is-layout-3 wp-block-columns-is-layout-flex\">\n<div class=\"wp-block-column is-layout-flow wp-block-column-is-layout-flow\">\n<div class=\"wp-block-image\"><figure class=\"aligncenter size-full\"><img loading=\"lazy\" decoding=\"async\" width=\"102\" height=\"102\" src=\"http:\/\/teszt.satrax.hu\/wp-content\/uploads\/2022\/02\/segelyhivo.png\" alt=\"\" class=\"wp-image-64\"\/><\/figure><\/div>\n\n\n\n<p class=\"has-text-align-center\">Riaszt\u00f3-rendszerek<\/p>\n<\/div>\n\n\n\n<div class=\"wp-block-column is-layout-flow wp-block-column-is-layout-flow\">\n<p>C\u00e9g\u00fcnk alakul\u00e1sa \u00f3ta egyik f\u0151 szakter\u00fclete az elektronikus vagyon v\u00e9delem. \u00c9p\u00fcletek, int\u00e9zm\u00e9nyek k\u00fclt\u00e9ri \u00e9s belt\u00e9ri v\u00e9delme. Els\u0151k k\u00f6z\u00f6tt szerezt\u00fck meg a tev\u00e9kenys\u00e9g v\u00e9gz\u00e9s\u00e9hez sz\u00fcks\u00e9ges rend\u0151rs\u00e9gi hat\u00f3s\u00e1gi enged\u00e9lyeket \u00e9s regisztr\u00e1ltuk c\u00e9g\u00fcnket \u00e9s szakembereinket az SZVMSZK szakmai kamar\u00e1ba. E szakter\u00fcletek minden \u00e1g\u00e1ban kiv\u00e1l\u00f3 referenci\u00e1kkal rendelkez\u00fcnk, illetve nagy tapasztalatokat szerezt\u00fcnk egyedi fejleszt\u00e9s\u0171 biztons\u00e1gtechnikai r\u00e1di\u00f3s \u00e1tjelz\u0151 eszk\u00f6z\u00f6k&nbsp; gy\u00e1rt\u00e1s\u00e1ban, telep\u00edt\u00e9s\u00e9ben.&nbsp;Az elm\u00falt \u00e9vtizedekben sz\u00e1mos jelent\u0151s beruh\u00e1z\u00e1s biztons\u00e1gtechnikai rendszereinek voltunk tervez\u0151i, kivitelez\u0151i k\u00f6rnyezet\u00fcnkben \u00e9s ak\u00e1r megy\u00e9nk hat\u00e1r\u00e1n k\u00edv\u00fcl is. Term\u00e9szetesen a lakoss\u00e1gi ig\u00e9nyeket is igyeksz\u00fcnk kiel\u00e9g\u00edteni. V\u00e1llaljuk ezen szak\u00e1gak tervez\u00e9s\u00e9t, telep\u00edt\u00e9s\u00e9t, karbantart\u00e1s\u00e1t \u00e9s ak\u00e1r egyedi ig\u00e9nyeket kiszolg\u00e1l\u00f3 fejleszt\u00e9seket is.<\/p>\n<\/div>\n<\/div>\n\n\n\n<div class=\"wp-block-columns is-layout-flex wp-container-core-columns-is-layout-4 wp-block-columns-is-layout-flex\">\n<div class=\"wp-block-column is-layout-flow wp-block-column-is-layout-flow\"><\/div>\n\n\n\n<div class=\"wp-block-column is-layout-flow wp-block-column-is-layout-flow\">\n<div class=\"wp-block-image\"><figure class=\"aligncenter size-full\"><img loading=\"lazy\" decoding=\"async\" width=\"102\" height=\"102\" src=\"http:\/\/teszt.satrax.hu\/wp-content\/uploads\/2022\/02\/hangszoro.png\" alt=\"\" class=\"wp-image-65\"\/><\/figure><\/div>\n\n\n\n<p class=\"has-text-align-center\">Kihangos\u00edt\u00e1s, hangtechnikai rendszerek<\/p>\n<\/div>\n<\/div>\n\n\n\n<div class=\"wp-block-columns is-layout-flex wp-container-core-columns-is-layout-5 wp-block-columns-is-layout-flex\">\n<div class=\"wp-block-column is-layout-flow wp-block-column-is-layout-flow\">\n<div class=\"wp-block-image\"><figure class=\"aligncenter size-full\"><img loading=\"lazy\" decoding=\"async\" width=\"102\" height=\"102\" src=\"http:\/\/teszt.satrax.hu\/wp-content\/uploads\/2022\/02\/halozat.png\" alt=\"\" class=\"wp-image-67\"\/><\/figure><\/div>\n\n\n\n<p class=\"has-text-align-center\">Vezet\u00e9kes \u00e9s vezetek n\u00e9lk\u00fcli h\u00e1l\u00f3zatok<\/p>\n<\/div>\n\n\n\n<div class=\"wp-block-column is-layout-flow wp-block-column-is-layout-flow\">\n<p>C\u00e9g\u00fcnk egyik legfontosabb tev\u00e9kenys\u00e9ge a k\u00fcl\u00f6nb\u00f6z\u0151 m\u00e9ret\u0171 LAN \u00e9s gyenge\u00e1ram\u00fa h\u00e1l\u00f3zatok tervez\u00e9se \u00e9s \u00e9p\u00edt\u00e9se. Ebbe beletartozhat egy kis iroda h\u00e1l\u00f3zata is, de a helyi \u00e9p\u00edt\u0151ipari v\u00e1llalatokkal kar\u00f6ltve r\u00e9szt vett\u00fcnk j\u00f3n\u00e9h\u00e1ny, helyenk\u00e9nt z\u00f6ldmez\u0151sk\u00e9nt megval\u00f3sul\u00f3 beruh\u00e1z\u00e1s<\/p>\n\n\n\n<p>kivitelez\u00e9s\u00e9ben. Csak p\u00e9ldak\u00e9nt eml\u00edtve a F\u0151nix Csarnok, a Sportuszoda, a K\u00f6lcsey K\u00f6zpont, az 500 szob\u00e1s Campus koll\u00e9gium, vagy \u00e9ppen a Szil\u00edcium Mez\u0151 Klaszter inkub\u00e1tor h\u00e1za \u00e9s az Informatikai kar \u00faj \u00e9p\u00fclete. E beruh\u00e1z\u00e1sok sor\u00e1n elv\u00e9gezz\u00fck a h\u00e1l\u00f3zatok tervez\u00e9s\u00e9t, a kivitelez\u00e9s valamennyi l\u00e9p\u00e9s\u00e9t, az \u00e9p\u00fcletek becs\u00f6vez\u00e9s\u00e9t, a k\u00e1belek beh\u00faz\u00e1s\u00e1t, a szerelv\u00e9nyek, rack szekr\u00e9nyek felszerel\u00e9s\u00e9t. A m\u00e9r\u00e9sek ut\u00e1n \u00fczembehelyezz\u00fck az akt\u00edv eszk\u00f6z\u00f6ket, megval\u00f3s\u00edtjuk az ig\u00e9nyelt konfigur\u00e1ci\u00f3kat, telep\u00edtj\u00fck a megfelel\u0151 routereket \u00e9s t\u0171zfalakat, sz\u00fcks\u00e9g eset\u00e9n WiFi \u00e9s HotSpot megold\u00e1sokat biztos\u00edtunk. Egyes esetekben a k\u00e9s\u0151bbi \u00fczemeltet\u00e9st is v\u00e1llaljuk, \u00edgy hossz\u00fa egy\u00fcttm\u0171k\u00f6d\u00e9st tudunk kialak\u00edtani partnereinkkel.<\/p>\n<\/div>\n<\/div>\n\n\n\n<div class=\"wp-block-columns is-layout-flex wp-container-core-columns-is-layout-6 wp-block-columns-is-layout-flex\">\n<div class=\"wp-block-column is-layout-flow wp-block-column-is-layout-flow\">\n<p>Az elm\u00falt \u00e9vtizedek sor\u00e1n jelent\u0151s tapasztalatot szerezt\u00fcnk az IT vil\u00e1gban. L\u00e1ttunk megjelenni sz\u00e1mos \u00faj technol\u00f3gi\u00e1t, n\u00e9h\u00e1ny ezek k\u00f6z\u00fcl hossz\u00fat\u00e1von megmaradt, m\u00e1sok r\u00f6vid t\u00fcnd\u00f6kl\u00e9s ut\u00e1n a feled\u00e9s hom\u00e1ly\u00e1ba vesztek. Az informatikai rendszerek l\u00e9trehoz\u00e1sakor mindig, mindenki a j\u00f3, olcs\u00f3, hossz\u00fat\u00e1von megb\u00edzhat\u00f3an \u00e9s rent\u00e1bilisan m\u0171k\u00f6dtethet\u0151 megold\u00e1sokat keresi.&nbsp;Ebben a folyamatban tudjuk partnereinkkel megosztani ismereteinket, &nbsp;t\u00e1mogatva \u0151ket a j\u00f3 d\u00f6nt\u00e9sben. Az IT tan\u00e1csad\u00e1s \u00f6sszetett feladat, a m\u00e1r m\u0171k\u00f6d\u0151 rendszerek megismer\u00e9s\u00e9t\u0151l a m\u00e9g csak fejben l\u00e9tez\u0151 koncepci\u00f3k v\u00e9lem\u00e9nyez\u00e9s\u00e9n \u00e1t a megval\u00f3s\u00edt\u00f3 projektek levezet\u00e9s\u00e9ig. Mindek\u00f6zben persze igyeksz\u00fcnk a m\u00e1r megismert csapd\u00e1kat kiker\u00fclni. \u00dagy tartja n\u00e1lunk a mond\u00e1s, tal\u00e1n kicsit fellengz\u0151sen, hogy amelyik probl\u00e9m\u00e1val mi m\u00e9g nem tal\u00e1lkoztunk, az val\u00f3sz\u00edn\u0171leg nem is l\u00e9tezik..<\/p>\n<\/div>\n\n\n\n<div class=\"wp-block-column is-layout-flow wp-block-column-is-layout-flow\">\n<div class=\"wp-block-image\"><figure class=\"aligncenter size-full\"><img loading=\"lazy\" decoding=\"async\" width=\"102\" height=\"102\" src=\"http:\/\/teszt.satrax.hu\/wp-content\/uploads\/2022\/02\/szamitogep.png\" alt=\"\" class=\"wp-image-69\"\/><\/figure><\/div>\n\n\n\n<p class=\"has-text-align-center\">Sz\u00e1m\u00edt\u00e1stechnika<\/p>\n<\/div>\n<\/div>\n\n\n\n<div class=\"wp-block-columns is-layout-flex wp-container-core-columns-is-layout-7 wp-block-columns-is-layout-flex\">\n<div class=\"wp-block-column is-layout-flow wp-block-column-is-layout-flow\">\n<div class=\"wp-block-image\"><figure class=\"aligncenter size-full\"><img loading=\"lazy\" decoding=\"async\" width=\"102\" height=\"102\" src=\"http:\/\/teszt.satrax.hu\/wp-content\/uploads\/2022\/02\/fejlesztes.png\" alt=\"\" class=\"wp-image-70\"\/><\/figure><\/div>\n\n\n\n<p class=\"has-text-align-center\">Fejleszt\u00e9s \u00e9s gy\u00e1rt\u00e1s<\/p>\n<\/div>\n\n\n\n<div class=\"wp-block-column is-layout-flow wp-block-column-is-layout-flow\">\n<p>A SATRAX Kft. 1994 \u00f3ta a tev\u00e9kenys\u00e9gi k\u00f6r\u00e9t b\u0151v\u00edtette, \u00e9s olyan fejleszt\u0151i \u00e9s gy\u00e1rt\u00f3i r\u00e9szleget hozott l\u00e9tre, amely a saj\u00e1t fejleszt\u00e9s\u0171 r\u00e1di\u00f3s adat\u00e1tviteli modemek, RTU-k, koncentr\u00e1torok gy\u00e1rt\u00e1s\u00e1t, valamint saj\u00e1t fejleszt\u00e9s\u0171 r\u00e1di\u00f3s telemechanikai egys\u00e9gek gy\u00e1rt\u00e1s\u00e1t v\u00e9gzi. A saj\u00e1t fejleszt\u00e9s\u0171 programozhat\u00f3 logikai \u00e1ramk\u00f6r\u00f6k (PLC) sz\u00e1mos komplett ipari folyamatir\u00e1ny\u00edt\u00f3 berendez\u00e9sek telep\u00edt\u00e9s\u00e9n\u00e9l ker\u00fcltek alkalmaz\u00e1sra, a saj\u00e1t fejleszt\u00e9s\u0171 r\u00e1di\u00f3s telemechanikai rendszerek kiszolg\u00e1l\u00e1s\u00e1ra alkalmas m\u00e9r\u0151modulok pedig az energia szektor sz\u00e1mos r\u00e9sz\u00e9n ker\u00fcltek telep\u00edt\u00e9sre. A SATRAX Kft. az egyedi ig\u00e9nyeket kiel\u00e9g\u00edt\u0151 napkollektoros \u00e9s hagyom\u00e1nyos t\u00e1pegys\u00e9gek gy\u00e1rt\u00e1s\u00e1t is v\u00e9gzi. A gy\u00e1rt\u00e1s kiterjed az er\u0151s\u00e1ram\u00fa szekr\u00e9nyek, folyamatir\u00e1ny\u00edt\u00f3 szekr\u00e9nyek, \u00e9p\u00fcletautomatikai \u00e9s vez\u00e9rl\u0151 szekr\u00e9nyek elk\u00e9sz\u00edt\u00e9s\u00e9re, valamint ezek telep\u00edt\u00e9s\u00e9re is. K\u00f6z\u00e9pfesz\u00fclts\u00e9g\u0171 oszlopkapcsol\u00f3k hardver elemeit fejlesztett\u00fck ki. Az oszlopkapcsol\u00f3kat gy\u00e1rtjuk \u00e9s \u00e9rt\u00e9kes\u00edtj\u00fck a hazai \u00e9s k\u00fclf\u00f6ldi \u00e1ramszolg\u00e1ltat\u00f3k r\u00e9sz\u00e9re.<\/p>\n\n\n\n<p>A SATRAX Kft. a fejleszt\u0151 \u00e9s gy\u00e1rt\u00f3 r\u00e9szleg l\u00e9trehoz\u00e1s\u00e1val tervez\u0151i tev\u00e9kenys\u00e9get is folytat. A saj\u00e1t fejleszt\u00e9s\u0171 gy\u00e1rtm\u00e1nyainak tervez\u00e9s\u00e9t\u0151l a nyomtatott \u00e1ramk\u00f6r\u00f6k tervez\u00e9s\u00e9n \u00e1t a kiviteli tervek elk\u00e9sz\u00edt\u00e9s\u00e9ig m\u00e9rn\u00f6ki, szoftverfejleszt\u0151i, informatikus szakembereikkel v\u00e9gzi.&nbsp; Gyenge\u00e1ram\u00fa tervez\u0151k\u00e9nt \u00e9s kivitelez\u0151k\u00e9nt t\u00f6bb jelent\u0151s l\u00e9tes\u00edtm\u00e9ny \u00e9p\u00edt\u00e9s\u00e9ben k\u00f6zrem\u0171k\u00f6dt\u00fcnk, s jellemz\u0151en az \u00fczemeltet\u00e9si feladatokat is ell\u00e1tjuk.<\/p>\n\n\n\n<hr class=\"wp-block-separator\"\/>\n\n\n\n<p><\/p>\n<\/div>\n<\/div>\n\n\n\n<div class=\"wp-block-columns is-layout-flex wp-container-core-columns-is-layout-8 wp-block-columns-is-layout-flex\">\n<div class=\"wp-block-column is-layout-flow wp-block-column-is-layout-flow\">\n<p>C\u00e9g\u00fcnk szolg\u00e1ltat\u00e1sai k\u00f6z\u00e9 tartozik az \u00fajkori ig\u00e9nyeknek megfelel\u0151en a napelemes \u00e1ramtermel\u0151 rendszerek tervez\u00e9se, ki\u00e9p\u00edt\u00e9se is. Nagyon fontos m\u00e1r az elej\u00e9n megeml\u00edteni, hogy a napelem nem \u00f6sszet\u00e9vesztend\u0151 a napkollektorral, ami v\u00edzmeleg\u00edt\u00e9sre, f\u0171t\u00e9sr\u00e1seg\u00edt\u00e9sre alkalmas eszk\u00f6z! Ezzel a rendszerrel \u00d6n k\u00e9pes megtermelni h\u00e1ztart\u00e1sa sz\u00e1m\u00e1ra a sz\u00fcks\u00e9ges elektromos energi\u00e1t. S\u0151t, ha t\u00f6bbet termel mint fogyaszt, a megmaradt felesleget a szolg\u00e1ltat\u00f3 megv\u00e1s\u00e1rolja \u00d6nt\u0151l.<\/p>\n<\/div>\n\n\n\n<div class=\"wp-block-column is-layout-flow wp-block-column-is-layout-flow\">\n<div class=\"wp-block-image\"><figure class=\"aligncenter size-full\"><img loading=\"lazy\" decoding=\"async\" width=\"102\" height=\"102\" src=\"http:\/\/teszt.satrax.hu\/wp-content\/uploads\/2022\/02\/napelem.png\" alt=\"\" class=\"wp-image-71\"\/><\/figure><\/div>\n\n\n\n<p class=\"has-text-align-center\">Napelemes-rendszerek<\/p>\n<\/div>\n<\/div>\n","protected":false},"excerpt":{"rendered":"<p>Seg\u00e9lyh\u00edv\u00f3-, t\u0171zjelz\u0151-rendszerek C\u00e9g\u00fcnk alakul\u00e1sa \u00f3ta egyik f\u0151 szakter\u00fclete a t\u0171zv\u00e9delem. Magyarorsz\u00e1gon t\u0171zv\u00e9delmi t\u00f6rv\u00e9ny szab\u00e1lyozza a telep\u00edt\u00e9si k\u00f6telezetts\u00e9get. Figyelembe v\u00e9ve az int\u00e9zm\u00e9ny nagys\u00e1g\u00e1t, t\u0171zvesz\u00e9lyess\u00e9gi fokozat\u00e1t, az egyid\u0151ben ott tart\u00f3zkod\u00f3 szem\u00e9lyek sz\u00e1m\u00e1t &#8230;<\/p>\n","protected":false},"author":1,"featured_media":0,"parent":0,"menu_order":0,"comment_status":"closed","ping_status":"closed","template":"","meta":{"footnotes":""},"_links":{"self":[{"href":"https:\/\/satrax.hu\/index.php\/wp-json\/wp\/v2\/pages\/20"}],"collection":[{"href":"https:\/\/satrax.hu\/index.php\/wp-json\/wp\/v2\/pages"}],"about":[{"href":"https:\/\/satrax.hu\/index.php\/wp-json\/wp\/v2\/types\/page"}],"author":[{"embeddable":true,"href":"https:\/\/satrax.hu\/index.php\/wp-json\/wp\/v2\/users\/1"}],"replies":[{"embeddable":true,"href":"https:\/\/satrax.hu\/index.php\/wp-json\/wp\/v2\/comments?post=20"}],"version-history":[{"count":10,"href":"https:\/\/satrax.hu\/index.php\/wp-json\/wp\/v2\/pages\/20\/revisions"}],"predecessor-version":[{"id":112,"href":"https:\/\/satrax.hu\/index.php\/wp-json\/wp\/v2\/pages\/20\/revisions\/112"}],"wp:attachment":[{"href":"https:\/\/satrax.hu\/index.php\/wp-json\/wp\/v2\/media?parent=20"}],"curies":[{"name":"wp","href":"https:\/\/api.w.org\/{rel}","templated":true}]}}