{"id":18,"date":"2022-02-04T12:55:12","date_gmt":"2022-02-04T12:55:12","guid":{"rendered":"http:\/\/teszt.satrax.hu\/?page_id=18"},"modified":"2022-12-12T10:55:46","modified_gmt":"2022-12-12T10:55:46","slug":"kapcsolat","status":"publish","type":"page","link":"https:\/\/satrax.hu\/index.php\/kapcsolat\/","title":{"rendered":"Kapcsolat"},"content":{"rendered":"\n<p class=\"has-medium-font-size\">El\u00e9rhet\u0151s\u00e9geink<\/p>\n\n\n\n<p>C\u00edm\u00fcnk: 4024 Debrecen, V\u00edgkedv\u0171 Mih\u00e1ly utca 41.<\/p>\n\n\n\n<p>Telefon: +36 (52) 412 026 <\/p>\n\n\n\n<p>Fax: +36 (52) 368 480<\/p>\n\n\n\n<p>E-mail:&nbsp;<a href=\"mailto:satrax@satrax.hu\">satrax@satrax.hu<\/a><\/p>\n\n\n\n<p class=\"has-medium-font-size\"><br>C\u00e9gadatok<\/p>\n\n\n\n<p>Ad\u00f3sz\u00e1m: 11143990-2-09<\/p>\n\n\n\n<p>C\u00e9gjegyz\u00e9ksz\u00e1m: 09-09-001947 <\/p>\n\n\n\n<p>Nyilv\u00e1ntart\u00f3 c\u00e9gb\u00edr\u00f3s\u00e1g: Debreceni  T\u00f6rv\u00e9nysz\u00e9k C\u00e9gb\u00edr\u00f3s\u00e1ga<\/p>\n","protected":false},"excerpt":{"rendered":"<p>El\u00e9rhet\u0151s\u00e9geink C\u00edm\u00fcnk: 4024 Debrecen, V\u00edgkedv\u0171 Mih\u00e1ly utca 41. Telefon: +36 (52) 412 026 Fax: +36 (52) 368 480 E-mail:&nbsp;satrax@satrax.hu C\u00e9gadatok Ad\u00f3sz\u00e1m: 11143990-2-09 C\u00e9gjegyz\u00e9ksz\u00e1m: 09-09-001947 Nyilv\u00e1ntart\u00f3 c\u00e9gb\u00edr\u00f3s\u00e1g: Debreceni T\u00f6rv\u00e9nysz\u00e9k C\u00e9gb\u00edr\u00f3s\u00e1ga<\/p>\n","protected":false},"author":1,"featured_media":0,"parent":0,"menu_order":0,"comment_status":"closed","ping_status":"closed","template":"","meta":{"footnotes":""},"_links":{"self":[{"href":"https:\/\/satrax.hu\/index.php\/wp-json\/wp\/v2\/pages\/18"}],"collection":[{"href":"https:\/\/satrax.hu\/index.php\/wp-json\/wp\/v2\/pages"}],"about":[{"href":"https:\/\/satrax.hu\/index.php\/wp-json\/wp\/v2\/types\/page"}],"author":[{"embeddable":true,"href":"https:\/\/satrax.hu\/index.php\/wp-json\/wp\/v2\/users\/1"}],"replies":[{"embeddable":true,"href":"https:\/\/satrax.hu\/index.php\/wp-json\/wp\/v2\/comments?post=18"}],"version-history":[{"count":12,"href":"https:\/\/satrax.hu\/index.php\/wp-json\/wp\/v2\/pages\/18\/revisions"}],"predecessor-version":[{"id":128,"href":"https:\/\/satrax.hu\/index.php\/wp-json\/wp\/v2\/pages\/18\/revisions\/128"}],"wp:attachment":[{"href":"https:\/\/satrax.hu\/index.php\/wp-json\/wp\/v2\/media?parent=18"}],"curies":[{"name":"wp","href":"https:\/\/api.w.org\/{rel}","templated":true}]}}